{"id":8873,"date":"2025-05-28T14:28:04","date_gmt":"2025-05-28T12:28:04","guid":{"rendered":"https:\/\/raw-studios.de\/?page_id=8873"},"modified":"2025-05-28T14:36:02","modified_gmt":"2025-05-28T12:36:02","slug":"cargo-lifter","status":"publish","type":"page","link":"https:\/\/raw-studios.de\/de\/cargo-lifter\/","title":{"rendered":"Cargo Lifter"},"content":{"rendered":"<h3>Reibungsloser Equipment-Transport mit unserem Cargo Lifter<\/h3>\n<div class=\"video-wrapper\"><video autoplay muted controls playsinline><source src=\"https:\/\/raw-studios.de\/video\/cargolifter.mov\" type=\"video\/mp4\" \/>Your browser does not support the video tag.<\/video><\/div>\n<p>Unser gro\u00dfz\u00fcgiger Eingangsbereich und das breite Treppenhaus erm\u00f6glichen einen komfortablen Zugang zu unseren Studios im 1. OG \u2013 ideal f\u00fcr die meisten Requisiten und Ausr\u00fcstungsgegenst\u00e4nde. F\u00fcr schwerere Lasten steht ein moderner <a href=\"https:\/\/www.instagram.com\/zonzini_stairclimbers\/\" target=\"_blank\" rel=\"noopener\"><strong data-start=\"334\" data-end=\"350\">Cargo Lifter<\/strong> <\/a>zur Verf\u00fcgung, der einzelne Objekte bis zu 250\u202fkg oder mehrere Teile auf einem Rollwagen mit einem Volumen von 1,44\u202fm\u00b3 (165\u202fcm H \u00d7 112\u202fcm B \u00d7 78\u202fcm T) m\u00fchelos bef\u00f6rdert.<\/p>\n","protected":false},"excerpt":{"rendered":"<p>Reibungsloser Equipment-Transport mit unserem Cargo Lifter Your browser does not support the [&hellip;]<\/p>\n","protected":false},"author":3,"featured_media":0,"parent":0,"menu_order":9,"comment_status":"closed","ping_status":"closed","template":"","meta":{"footnotes":""},"class_list":["post-8873","page","type-page","status-publish","hentry"],"yoast_head":"<!-- This site is optimized with the Yoast SEO plugin v27.4 - https:\/\/yoast.com\/product\/yoast-seo-wordpress\/ -->\n<title>Cargo Lifter - raw studios.<\/title>\n<meta name=\"description\" content=\"Schweres Equipment? Kein Problem. Unser Cargo Lifter bietet einen nahtlosen Zugang auf Bodenh\u00f6he \u2013 ideal f\u00fcr Produktionen jeder Gr\u00f6\u00dfe.\" \/>\n<meta name=\"robots\" content=\"index, follow, max-snippet:-1, max-image-preview:large, max-video-preview:-1\" \/>\n<link rel=\"canonical\" href=\"https:\/\/raw-studios.de\/de\/cargo-lifter\/\" \/>\n<meta property=\"og:locale\" content=\"de_DE\" \/>\n<meta property=\"og:type\" content=\"article\" \/>\n<meta property=\"og:title\" content=\"Cargo Lifter - raw studios.\" \/>\n<meta property=\"og:description\" content=\"Schweres Equipment? Kein Problem. Unser Cargo Lifter bietet einen nahtlosen Zugang auf Bodenh\u00f6he \u2013 ideal f\u00fcr Produktionen jeder Gr\u00f6\u00dfe.\" \/>\n<meta property=\"og:url\" content=\"https:\/\/raw-studios.de\/de\/cargo-lifter\/\" \/>\n<meta property=\"og:site_name\" content=\"raw studios.\" \/>\n<meta property=\"article:modified_time\" content=\"2025-05-28T12:36:02+00:00\" \/>\n<meta name=\"twitter:card\" content=\"summary_large_image\" \/>\n<meta name=\"twitter:label1\" content=\"Gesch\u00e4tzte Lesezeit\" \/>\n\t<meta name=\"twitter:data1\" content=\"1\u00a0Minute\" \/>\n<script type=\"application\/ld+json\" class=\"yoast-schema-graph\">{\"@context\":\"https:\\\/\\\/schema.org\",\"@graph\":[{\"@type\":\"WebPage\",\"@id\":\"https:\\\/\\\/raw-studios.de\\\/de\\\/cargo-lifter\\\/\",\"url\":\"https:\\\/\\\/raw-studios.de\\\/de\\\/cargo-lifter\\\/\",\"name\":\"Cargo Lifter - raw studios.\",\"isPartOf\":{\"@id\":\"https:\\\/\\\/raw-studios.de\\\/#website\"},\"datePublished\":\"2025-05-28T12:28:04+00:00\",\"dateModified\":\"2025-05-28T12:36:02+00:00\",\"description\":\"Schweres Equipment? Kein Problem. Unser Cargo Lifter bietet einen nahtlosen Zugang auf Bodenh\u00f6he \u2013 ideal f\u00fcr Produktionen jeder Gr\u00f6\u00dfe.\",\"breadcrumb\":{\"@id\":\"https:\\\/\\\/raw-studios.de\\\/de\\\/cargo-lifter\\\/#breadcrumb\"},\"inLanguage\":\"de\",\"potentialAction\":[{\"@type\":\"ReadAction\",\"target\":[\"https:\\\/\\\/raw-studios.de\\\/de\\\/cargo-lifter\\\/\"]}]},{\"@type\":\"BreadcrumbList\",\"@id\":\"https:\\\/\\\/raw-studios.de\\\/de\\\/cargo-lifter\\\/#breadcrumb\",\"itemListElement\":[{\"@type\":\"ListItem\",\"position\":1,\"name\":\"Home\",\"item\":\"https:\\\/\\\/raw-studios.de\\\/de\\\/\"},{\"@type\":\"ListItem\",\"position\":2,\"name\":\"Cargo Lifter\"}]},{\"@type\":\"WebSite\",\"@id\":\"https:\\\/\\\/raw-studios.de\\\/#website\",\"url\":\"https:\\\/\\\/raw-studios.de\\\/\",\"name\":\"raw studios.\",\"description\":\"Foto &amp; film Tageslicht Mietstudio Fotoshooting Event Berlin.\",\"potentialAction\":[{\"@type\":\"SearchAction\",\"target\":{\"@type\":\"EntryPoint\",\"urlTemplate\":\"https:\\\/\\\/raw-studios.de\\\/?s={search_term_string}\"},\"query-input\":{\"@type\":\"PropertyValueSpecification\",\"valueRequired\":true,\"valueName\":\"search_term_string\"}}],\"inLanguage\":\"de\"}]}<\/script>\n<!-- \/ Yoast SEO plugin. -->","yoast_head_json":{"title":"Cargo Lifter - raw studios.","description":"Schweres Equipment? Kein Problem. Unser Cargo Lifter bietet einen nahtlosen Zugang auf Bodenh\u00f6he \u2013 ideal f\u00fcr Produktionen jeder Gr\u00f6\u00dfe.","robots":{"index":"index","follow":"follow","max-snippet":"max-snippet:-1","max-image-preview":"max-image-preview:large","max-video-preview":"max-video-preview:-1"},"canonical":"https:\/\/raw-studios.de\/de\/cargo-lifter\/","og_locale":"de_DE","og_type":"article","og_title":"Cargo Lifter - raw studios.","og_description":"Schweres Equipment? Kein Problem. Unser Cargo Lifter bietet einen nahtlosen Zugang auf Bodenh\u00f6he \u2013 ideal f\u00fcr Produktionen jeder Gr\u00f6\u00dfe.","og_url":"https:\/\/raw-studios.de\/de\/cargo-lifter\/","og_site_name":"raw studios.","article_modified_time":"2025-05-28T12:36:02+00:00","twitter_card":"summary_large_image","twitter_misc":{"Gesch\u00e4tzte Lesezeit":"1\u00a0Minute"},"schema":{"@context":"https:\/\/schema.org","@graph":[{"@type":"WebPage","@id":"https:\/\/raw-studios.de\/de\/cargo-lifter\/","url":"https:\/\/raw-studios.de\/de\/cargo-lifter\/","name":"Cargo Lifter - raw studios.","isPartOf":{"@id":"https:\/\/raw-studios.de\/#website"},"datePublished":"2025-05-28T12:28:04+00:00","dateModified":"2025-05-28T12:36:02+00:00","description":"Schweres Equipment? Kein Problem. Unser Cargo Lifter bietet einen nahtlosen Zugang auf Bodenh\u00f6he \u2013 ideal f\u00fcr Produktionen jeder Gr\u00f6\u00dfe.","breadcrumb":{"@id":"https:\/\/raw-studios.de\/de\/cargo-lifter\/#breadcrumb"},"inLanguage":"de","potentialAction":[{"@type":"ReadAction","target":["https:\/\/raw-studios.de\/de\/cargo-lifter\/"]}]},{"@type":"BreadcrumbList","@id":"https:\/\/raw-studios.de\/de\/cargo-lifter\/#breadcrumb","itemListElement":[{"@type":"ListItem","position":1,"name":"Home","item":"https:\/\/raw-studios.de\/de\/"},{"@type":"ListItem","position":2,"name":"Cargo Lifter"}]},{"@type":"WebSite","@id":"https:\/\/raw-studios.de\/#website","url":"https:\/\/raw-studios.de\/","name":"raw studios.","description":"Foto &amp; film Tageslicht Mietstudio Fotoshooting Event Berlin.","potentialAction":[{"@type":"SearchAction","target":{"@type":"EntryPoint","urlTemplate":"https:\/\/raw-studios.de\/?s={search_term_string}"},"query-input":{"@type":"PropertyValueSpecification","valueRequired":true,"valueName":"search_term_string"}}],"inLanguage":"de"}]}},"_links":{"self":[{"href":"https:\/\/raw-studios.de\/de\/wp-json\/wp\/v2\/pages\/8873","targetHints":{"allow":["GET"]}}],"collection":[{"href":"https:\/\/raw-studios.de\/de\/wp-json\/wp\/v2\/pages"}],"about":[{"href":"https:\/\/raw-studios.de\/de\/wp-json\/wp\/v2\/types\/page"}],"author":[{"embeddable":true,"href":"https:\/\/raw-studios.de\/de\/wp-json\/wp\/v2\/users\/3"}],"replies":[{"embeddable":true,"href":"https:\/\/raw-studios.de\/de\/wp-json\/wp\/v2\/comments?post=8873"}],"version-history":[{"count":3,"href":"https:\/\/raw-studios.de\/de\/wp-json\/wp\/v2\/pages\/8873\/revisions"}],"predecessor-version":[{"id":8879,"href":"https:\/\/raw-studios.de\/de\/wp-json\/wp\/v2\/pages\/8873\/revisions\/8879"}],"wp:attachment":[{"href":"https:\/\/raw-studios.de\/de\/wp-json\/wp\/v2\/media?parent=8873"}],"curies":[{"name":"wp","href":"https:\/\/api.w.org\/{rel}","templated":true}]}}