{"id":3711,"date":"2021-02-17T16:47:24","date_gmt":"2021-02-17T15:47:24","guid":{"rendered":"https:\/\/raw-studios.de\/production-room\/"},"modified":"2025-05-23T16:34:54","modified_gmt":"2025-05-23T14:34:54","slug":"production-room","status":"publish","type":"page","link":"https:\/\/raw-studios.de\/de\/production-room\/","title":{"rendered":"Production Room"},"content":{"rendered":"<p><div class=\"fusion-fullwidth fullwidth-box fusion-builder-row-1 fusion-flex-container nonhundred-percent-fullwidth non-hundred-percent-height-scrolling\" style=\"--awb-border-radius-top-left:0px;--awb-border-radius-top-right:0px;--awb-border-radius-bottom-right:0px;--awb-border-radius-bottom-left:0px;--awb-padding-top:6%;--awb-padding-bottom:0px;--awb-flex-wrap:wrap;\" ><div class=\"fusion-builder-row fusion-row fusion-flex-align-items-center fusion-flex-content-wrap\" style=\"max-width:1320.8px;margin-left: calc(-4% \/ 2 );margin-right: calc(-4% \/ 2 );\"><div class=\"fusion-layout-column fusion_builder_column fusion-builder-column-0 fusion_builder_column_1_1 1_1 fusion-flex-column\" style=\"--awb-bg-size:cover;--awb-width-large:100%;--awb-margin-top-large:25px;--awb-spacing-right-large:3.84%;--awb-margin-bottom-large:5px;--awb-spacing-left-large:1.92%;--awb-width-medium:100%;--awb-spacing-right-medium:1.92%;--awb-spacing-left-medium:1.92%;--awb-width-small:100%;--awb-spacing-right-small:1.92%;--awb-spacing-left-small:1.92%;\"><div class=\"fusion-column-wrapper fusion-column-has-shadow fusion-flex-justify-content-center fusion-content-layout-column\"><div class=\"fusion-title title fusion-title-1 fusion-sep-none fusion-title-text fusion-title-size-two\"><h2 class=\"fusion-title-heading title-heading-left fusion-responsive-typography-calculated\" style=\"margin:0;--fontSize:44;line-height:1.26;\">PRODUCTION ROOM<\/h2><\/div><div class=\"fusion-text fusion-text-1 paragraph-small\"><p style=\"font-size: 14px; line-height: 24px;\" data-fusion-font=\"true\">55m\u00b2 &#8211; STYLING \u2013 HAIR &amp; MAKEUP<\/p>\n<\/div><div class=\"fusion-separator fusion-full-width-sep\" style=\"align-self: center;margin-left: auto;margin-right: auto;margin-top:24px;width:100%;\"><\/div><div class=\"fusion-text fusion-text-2\"><h3>Betreten Sie unseren sorgf\u00e4ltig gestalteten Produktionsraum, der auf Ihre Haar-, Make-up- und Styling-Bed\u00fcrfnisse zugeschnitten ist.<\/h3>\n<p>Dieser 55 m\u00b2 gro\u00dfe Raum wurde unter Ber\u00fccksichtigung der Privatsph\u00e4re konzipiert und ist vollst\u00e4ndig von anderen Bereichen getrennt. Mit einer ma\u00dfgeschneiderten Haarwaschstation und beweglichen Make-up-Tischen sowie \u00a0sehr guter Tageslicht und LED Beleuchtung f\u00fcr angenehmes Arbeiten, integrierten Steckdosen und M\u00f6glichkeiten zum Aufladen von Mobiltelefonen per USB \u00a0ist jeder Aspekt mit viel Liebe zum Detail so gestaltet, dass er Ihren Produktionsanforderungen entspricht.<\/p>\n<div>Ausgestattet mit gro\u00dfz\u00fcgigen Kleiderst\u00e4ndern, Kleiderb\u00fcgeln und praktischen Jiffy Steamern erm\u00f6glicht unser <strong>Production Room<\/strong> nahtlose Styling-Sessions. Sollten Sie zus\u00e4tzliche Tische f\u00fcr Requisiten oder Accessoires oder sogar den Komfort von Badem\u00e4nteln und Hausschuhen ben\u00f6tigen, steht Ihnen unser zuvorkommendes Personal gerne zur Verf\u00fcgung, um auf Ihre Bed\u00fcrfnisse einzugehen.<\/div>\n<p><strong>Production Room<\/strong> ist mit <a href=\"https:\/\/raw-studios.de\/de\/studio1\/\" target=\"_blank\" rel=\"noopener\"><strong>Studio 1<\/strong><\/a> verbunden und f\u00fcgt sich nahtlos in Ihr Buchungserlebnis ein und bietet Vielseitigkeit und Effizienz. Ob in Ihrer <a href=\"https:\/\/raw-studios.de\/de\/studio1\/\" target=\"_blank\" rel=\"noopener\"><strong>Studio 1<\/strong><\/a>-Reservierung enthalten oder mit Buchungen f\u00fcr<a href=\"https:\/\/raw-studios.de\/de\/studio-uebersicht\/\" target=\"_blank\" rel=\"noopener\"><strong> Studio 1<\/strong> und <strong>Studio 2<\/strong><\/a> kombiniert, Sie k\u00f6nnen sicher sein, dass Ihre Produktionsanforderungen mit Raffinesse und Pr\u00e4zision erf\u00fcllt werden.<\/p>\n<p>In unseren <a href=\"https:\/\/www.instagram.com\/rawstudiosberlin\/\" target=\"_blank\" rel=\"noopener\">Instagram Highlights<\/a> k\u00f6nnen Sie Einblicke in unsere fr\u00fcheren Kunden gewinnen.<\/p>\n<\/div><\/div><\/div><\/div><\/div><div class=\"fusion-fullwidth fullwidth-box fusion-builder-row-2 fusion-flex-container nonhundred-percent-fullwidth non-hundred-percent-height-scrolling\" style=\"--awb-border-radius-top-left:0px;--awb-border-radius-top-right:0px;--awb-border-radius-bottom-right:0px;--awb-border-radius-bottom-left:0px;--awb-flex-wrap:wrap;\" ><div class=\"fusion-builder-row fusion-row fusion-flex-align-items-flex-start fusion-flex-content-wrap\" style=\"max-width:1320.8px;margin-left: calc(-4% \/ 2 );margin-right: calc(-4% \/ 2 );\"><div class=\"fusion-layout-column fusion_builder_column fusion-builder-column-1 fusion_builder_column_1_1 1_1 fusion-flex-column\" style=\"--awb-bg-size:cover;--awb-width-large:100%;--awb-margin-top-large:25px;--awb-spacing-right-large:1.92%;--awb-margin-bottom-large:25px;--awb-spacing-left-large:1.92%;--awb-width-medium:100%;--awb-spacing-right-medium:1.92%;--awb-spacing-left-medium:1.92%;--awb-width-small:100%;--awb-spacing-right-small:1.92%;--awb-spacing-left-small:1.92%;\"><div class=\"fusion-column-wrapper fusion-column-has-shadow fusion-flex-justify-content-flex-start fusion-content-layout-column\"><div class=\"fusion-text fusion-text-3\"><p>FOTOGALLERIE<\/p>\n<\/div><div class=\"awb-gallery-wrapper awb-gallery-wrapper-1 button-span-no\" style=\"--more-btn-alignment:center;\"><div style=\"margin:-5px;--awb-bordersize:2px;\" class=\"fusion-gallery fusion-gallery-container fusion-grid-3 fusion-columns-total-5 fusion-gallery-layout-grid fusion-gallery-1\"><div style=\"padding:5px;\" class=\"fusion-grid-column fusion-gallery-column fusion-gallery-column-3 hover-type-zoomin\"><div class=\"fusion-gallery-image\"><a href=\"https:\/\/raw-studios.de\/wp-content\/uploads\/2021\/02\/production-room-fotostudio-raw-studios02-e1748007644331.jpg\" rel=\"noreferrer\" data-rel=\"iLightbox[gallery_image_1]\" class=\"fusion-lightbox\" target=\"_self\"><img decoding=\"async\" src=\"https:\/\/raw-studios.de\/wp-content\/uploads\/2021\/02\/production-room-fotostudio-raw-studios02-460x295.jpg\" width=\"460\" height=\"295\" alt=\"Production Room - raw studios.\" title=\"\" aria-label=\"\" class=\"img-responsive wp-image-3376 fusion-gallery-image-size-fixed\"  \/><\/a><\/div><\/div><div style=\"padding:5px;\" class=\"fusion-grid-column fusion-gallery-column fusion-gallery-column-3 hover-type-zoomin\"><div class=\"fusion-gallery-image\"><a href=\"https:\/\/raw-studios.de\/wp-content\/uploads\/2021\/02\/production-room-fotostudio-raw-studios04.jpg\" rel=\"noreferrer\" data-rel=\"iLightbox[gallery_image_1]\" class=\"fusion-lightbox\" target=\"_self\"><img decoding=\"async\" src=\"https:\/\/raw-studios.de\/wp-content\/uploads\/2021\/02\/production-room-fotostudio-raw-studios04-460x295.jpg\" width=\"460\" height=\"295\" alt=\"Production Room - raw studios.\" title=\"\" aria-label=\"\" class=\"img-responsive wp-image-3380 fusion-gallery-image-size-fixed\"  \/><\/a><\/div><\/div><div style=\"padding:5px;\" class=\"fusion-grid-column fusion-gallery-column fusion-gallery-column-3 hover-type-zoomin\"><div class=\"fusion-gallery-image\"><a href=\"https:\/\/raw-studios.de\/wp-content\/uploads\/2021\/02\/production-room-fotostudio-raw-studios06.jpg\" rel=\"noreferrer\" data-rel=\"iLightbox[gallery_image_1]\" class=\"fusion-lightbox\" target=\"_self\"><img decoding=\"async\" src=\"https:\/\/raw-studios.de\/wp-content\/uploads\/2021\/02\/production-room-fotostudio-raw-studios06-460x295.jpg\" width=\"460\" height=\"295\" alt=\"Production Room - raw studios.\" title=\"\" aria-label=\"\" class=\"img-responsive wp-image-3384 fusion-gallery-image-size-fixed\"  \/><\/a><\/div><\/div><div class=\"clearfix\"><\/div><div style=\"padding:5px;\" class=\"fusion-grid-column fusion-gallery-column fusion-gallery-column-3 hover-type-zoomin\"><div class=\"fusion-gallery-image\"><a href=\"https:\/\/raw-studios.de\/wp-content\/uploads\/2021\/02\/production-room-fotostudio-raw-studios07.jpg\" rel=\"noreferrer\" data-rel=\"iLightbox[gallery_image_1]\" class=\"fusion-lightbox\" target=\"_self\"><img decoding=\"async\" src=\"https:\/\/raw-studios.de\/wp-content\/uploads\/2021\/02\/production-room-fotostudio-raw-studios07-460x295.jpg\" width=\"460\" height=\"295\" alt=\"Production Room - raw studios.\" title=\"\" aria-label=\"\" class=\"img-responsive wp-image-3386 fusion-gallery-image-size-fixed\"  \/><\/a><\/div><\/div><div style=\"padding:5px;\" class=\"fusion-grid-column fusion-gallery-column fusion-gallery-column-3 hover-type-zoomin\"><div class=\"fusion-gallery-image\"><a href=\"https:\/\/raw-studios.de\/wp-content\/uploads\/2021\/02\/production-room-fotostudio-raw-studios10-e1748007763162.jpg\" rel=\"noreferrer\" data-rel=\"iLightbox[gallery_image_1]\" class=\"fusion-lightbox\" target=\"_self\"><img decoding=\"async\" src=\"https:\/\/raw-studios.de\/wp-content\/uploads\/2021\/02\/production-room-fotostudio-raw-studios10-460x295.jpg\" width=\"460\" height=\"295\" alt=\"Production Room - raw studios.\" title=\"\" aria-label=\"\" class=\"img-responsive wp-image-3392 fusion-gallery-image-size-fixed\"  \/><\/a><\/div><\/div><\/div><\/div><\/div><\/div><\/div><\/div><div class=\"fusion-bg-parallax\" data-bg-align=\"center center\" data-direction=\"up\" data-mute=\"false\" data-opacity=\"100\" data-velocity=\"-0.3\" data-mobile-enabled=\"false\" data-break_parents=\"0\" data-bg-image=\"https:\/\/raw-studios.de\/wp-content\/uploads\/2021\/02\/subscribe-form.jpg\" data-bg-repeat=\"false\" data-bg-color=\"rgba(24,27,32,0.5)\" ><\/div><div class=\"fusion-fullwidth fullwidth-box fusion-builder-row-3 fusion-flex-container fusion-parallax-up nonhundred-percent-fullwidth non-hundred-percent-height-scrolling lazyload\" style=\"--awb-border-radius-top-left:0px;--awb-border-radius-top-right:0px;--awb-border-radius-bottom-right:0px;--awb-border-radius-bottom-left:0px;--awb-padding-top:6%;--awb-padding-bottom:5%;--awb-background-color:rgba(24,27,32,0.5);--awb-background-size:cover;--awb-flex-wrap:wrap;\" data-bg=\"https:\/\/raw-studios.de\/wp-content\/uploads\/2021\/02\/subscribe-form.jpg\" ><div class=\"fusion-builder-row fusion-row fusion-flex-align-items-flex-start fusion-flex-content-wrap\" style=\"max-width:1320.8px;margin-left: calc(-4% \/ 2 );margin-right: calc(-4% \/ 2 );\"><div class=\"fusion-layout-column fusion_builder_column fusion-builder-column-2 fusion_builder_column_1_2 1_2 fusion-flex-column\" style=\"--awb-bg-size:cover;--awb-width-large:50%;--awb-margin-top-large:25px;--awb-spacing-right-large:6.72%;--awb-margin-bottom-large:25px;--awb-spacing-left-large:3.84%;--awb-width-medium:100%;--awb-spacing-right-medium:1.92%;--awb-spacing-left-medium:1.92%;--awb-width-small:100%;--awb-spacing-right-small:1.92%;--awb-spacing-left-small:1.92%;\"><div class=\"fusion-column-wrapper fusion-column-has-shadow fusion-flex-justify-content-flex-start fusion-content-layout-column\"><div class=\"fusion-title title fusion-title-2 fusion-sep-none fusion-title-text fusion-title-size-six\" style=\"--awb-text-color:#ffffff;--awb-margin-bottom:10px;--awb-margin-bottom-small:10px;\"><h6 class=\"fusion-title-heading title-heading-left fusion-responsive-typography-calculated\" style=\"margin:0;--fontSize:12;--minFontSize:12;line-height:1.72;\">Stay in the loop<\/h6><\/div><div class=\"fusion-title title fusion-title-3 fusion-sep-none fusion-title-text fusion-title-size-two\" style=\"--awb-text-color:#ffffff;\"><h2 class=\"fusion-title-heading title-heading-left fusion-responsive-typography-calculated\" style=\"margin:0;--fontSize:44;line-height:1.26;\">Abonnieren Sie unseren Newsletter<\/h2><\/div><div class=\"fusion-separator fusion-full-width-sep\" style=\"align-self: center;margin-left: auto;margin-right: auto;margin-top:6px;margin-bottom:12px;width:100%;\"><\/div><div class=\"fusion-form fusion-form-builder fusion-form-form-wrapper fusion-form-6544\" style=\"--awb-tooltip-text-color:#ffffff;--awb-tooltip-background-color:#333333;\" data-form-id=\"6544\" data-config=\"{&quot;form_id&quot;:6544,&quot;form_post_id&quot;:6544,&quot;post_id&quot;:3711,&quot;form_type&quot;:&quot;ajax&quot;,&quot;confirmation_type&quot;:&quot;message&quot;,&quot;redirect_url&quot;:&quot;&quot;,&quot;field_labels&quot;:{&quot;email&quot;:&quot;&quot;},&quot;field_logics&quot;:{&quot;email&quot;:&quot;&quot;,&quot;notice_1&quot;:&quot;&quot;},&quot;field_types&quot;:{&quot;email&quot;:&quot;email&quot;,&quot;submit_1&quot;:&quot;submit&quot;,&quot;notice_1&quot;:&quot;notice&quot;},&quot;nonce_method&quot;:&quot;ajax&quot;}\"><form action=\"https:\/\/raw-studios.de\/de\/production-room\/\" method=\"post\" class=\"fusion-form fusion-form-6544\"><div class=\"fusion-fullwidth fullwidth-box fusion-builder-row-3-1 fusion-flex-container nonhundred-percent-fullwidth non-hundred-percent-height-scrolling\" style=\"--awb-border-radius-top-left:0px;--awb-border-radius-top-right:0px;--awb-border-radius-bottom-right:0px;--awb-border-radius-bottom-left:0px;--awb-padding-top:0px;--awb-padding-right:0px;--awb-padding-bottom:0px;--awb-padding-left:0px;--awb-flex-wrap:wrap;\" ><div class=\"fusion-builder-row fusion-row fusion-flex-align-items-flex-start fusion-flex-content-wrap\" style=\"width:104% !important;max-width:104% !important;margin-left: calc(-4% \/ 2 );margin-right: calc(-4% \/ 2 );\"><div class=\"fusion-layout-column fusion_builder_column fusion-builder-column-3 fusion_builder_column_3_5 3_5 fusion-flex-column\" style=\"--awb-bg-size:cover;--awb-width-large:60%;--awb-margin-top-large:0px;--awb-spacing-right-large:0%;--awb-margin-bottom-large:0px;--awb-spacing-left-large:3.2%;--awb-width-medium:100%;--awb-order-medium:0;--awb-spacing-right-medium:1.92%;--awb-spacing-left-medium:1.92%;--awb-width-small:100%;--awb-order-small:0;--awb-spacing-right-small:1.92%;--awb-spacing-left-small:1.92%;\"><div class=\"fusion-column-wrapper fusion-column-has-shadow fusion-flex-justify-content-flex-start fusion-content-layout-column\"><div class=\"fusion-form-field fusion-form-email-field fusion-form-label-above\" style=\"\" data-form-id=\"6544\"><input type=\"email\" name=\"email\" id=\"email\" value=\"\"  class=\"fusion-form-input\" placeholder=\"E-Mail\" data-holds-private-data=\"false\"\/><\/div><\/div><\/div><div class=\"fusion-layout-column fusion_builder_column fusion-builder-column-4 fusion_builder_column_2_5 2_5 fusion-flex-column fusion-flex-align-self-stretch\" style=\"--awb-bg-color:#181b20;--awb-bg-color-hover:#181b20;--awb-bg-size:cover;--awb-filter:opacity(100%);--awb-filter-transition:filter 0.3s ease;--awb-filter-hover:opacity(95%);--awb-width-large:40%;--awb-margin-top-large:0px;--awb-spacing-right-large:4.8%;--awb-margin-bottom-large:0px;--awb-spacing-left-large:0%;--awb-width-medium:100%;--awb-order-medium:0;--awb-spacing-right-medium:1.92%;--awb-spacing-left-medium:1.92%;--awb-width-small:100%;--awb-order-small:0;--awb-spacing-right-small:1.92%;--awb-spacing-left-small:1.92%;\"><div class=\"fusion-column-wrapper fusion-column-has-shadow fusion-flex-justify-content-flex-start fusion-content-layout-column\"><div class=\"fusion-form-field fusion-form-submit-field fusion-form-label-above\" style=\"\" data-form-id=\"6544\"><div ><button type=\"submit\" class=\"fusion-button button-flat fusion-button-default-size button-custom fusion-button-default button-1 fusion-button-span-yes  form-form-submit button-default\" style=\"--button_accent_color:#ffffff;--button_accent_hover_color:#ffffff;--button_border_hover_color:#ffffff;--button_gradient_top_color:#181b20;--button_gradient_bottom_color:#181b20;--button_gradient_top_color_hover:#181b20;--button_gradient_bottom_color_hover:#181b20;\" data-form-number=\"6544\" tabindex=\"\"><span class=\"fusion-button-text\">Jetzt abonnieren<\/span><\/button><\/div><\/div><\/div><\/div><div class=\"fusion-layout-column fusion_builder_column fusion-builder-column-5 fusion_builder_column_1_1 1_1 fusion-flex-column\" style=\"--awb-bg-size:cover;--awb-width-large:100%;--awb-margin-top-large:16px;--awb-spacing-right-large:1.92%;--awb-margin-bottom-large:10px;--awb-spacing-left-large:1.92%;--awb-width-medium:100%;--awb-order-medium:0;--awb-spacing-right-medium:1.92%;--awb-spacing-left-medium:1.92%;--awb-width-small:100%;--awb-order-small:0;--awb-spacing-right-small:1.92%;--awb-spacing-left-small:1.92%;\"><div class=\"fusion-column-wrapper fusion-column-has-shadow fusion-flex-justify-content-flex-start fusion-content-layout-column\"><div class=\"form-submission-notices data-notice_1\" id=\"fusion-notices-1\"><div class=\"fusion-alert alert success alert-success fusion-alert-center fusion-form-response fusion-form-response-success fusion-alert-capitalize awb-alert-native-link-color alert-dismissable awb-alert-close-boxed\" role=\"alert\"><div class=\"fusion-alert-content-wrapper\"><span class=\"alert-icon\"><i class=\"awb-icon-check-circle\" aria-hidden=\"true\"><\/i><\/span><span class=\"fusion-alert-content\">Vielen Dank f\u00fcr Ihre Nachricht. Sie wurde erfolgreich versendet.<\/span><\/div><button type=\"button\" class=\"close toggle-alert\" data-dismiss=\"alert\" aria-label=\"Close\">&times;<\/button><\/div><div class=\"fusion-alert alert error alert-danger fusion-alert-center fusion-form-response fusion-form-response-error fusion-alert-capitalize awb-alert-native-link-color alert-dismissable awb-alert-close-boxed\" role=\"alert\"><div class=\"fusion-alert-content-wrapper\"><span class=\"alert-icon\"><i class=\"awb-icon-exclamation-triangle\" aria-hidden=\"true\"><\/i><\/span><span class=\"fusion-alert-content\">Beim Senden Ihrer Nachricht ist ein Fehler aufgetreten. Bitte versuchen Sie es sp\u00e4ter noch einmal.<\/span><\/div><button type=\"button\" class=\"close toggle-alert\" data-dismiss=\"alert\" aria-label=\"Close\">&times;<\/button><\/div><\/div><\/div><\/div><\/div><\/div><\/form><\/div><div class=\"fusion-text fusion-text-4 paragraph-small\"><p style=\"font-size: 12px; line-height: 24px;\" data-fusion-font=\"true\"><span style=\"color: #ffffff;\">* Sie haben unsere <a style=\"color: #ffffff;\" href=\"https:\/\/raw-studios.de\/de\/datenschutzerklaerung\/\">Datenschutzbestimmungen<\/a> gelesen.<\/span><\/p>\n<\/div><\/div><\/div><div class=\"fusion-layout-column fusion_builder_column fusion-builder-column-6 fusion_builder_column_1_2 1_2 fusion-flex-column fusion-no-small-visibility fusion-no-medium-visibility\" style=\"--awb-bg-size:cover;--awb-width-large:50%;--awb-margin-top-large:25px;--awb-spacing-right-large:3.84%;--awb-margin-bottom-large:25px;--awb-spacing-left-large:6.72%;--awb-width-medium:100%;--awb-spacing-right-medium:1.92%;--awb-spacing-left-medium:1.92%;--awb-width-small:100%;--awb-spacing-right-small:1.92%;--awb-spacing-left-small:1.92%;\"><div class=\"fusion-column-wrapper fusion-column-has-shadow fusion-flex-justify-content-flex-start fusion-content-layout-column\"><\/div><\/div><\/div><\/div>\n<\/p>\n","protected":false},"excerpt":{"rendered":"","protected":false},"author":2,"featured_media":0,"parent":0,"menu_order":25,"comment_status":"closed","ping_status":"closed","template":"100-width.php","meta":{"footnotes":""},"class_list":["post-3711","page","type-page","status-publish","hentry"],"yoast_head":"<!-- This site is optimized with the Yoast SEO plugin v27.4 - https:\/\/yoast.com\/product\/yoast-seo-wordpress\/ -->\n<title>Production Room - 55m\u00b2 \u2013 Styling, Hair &amp; Make-up | Studio Berlin<\/title>\n<meta name=\"description\" content=\"Dieser 55m\u00b2 gro\u00dfe PRODUCTION ROOM kann gemeinsam mit STUDIO 1 oder STUDIO 1 &amp; 2 gebucht werden, um als Styling-, Haar- &amp; Make-Up-Raum.\" \/>\n<meta name=\"robots\" content=\"index, follow, max-snippet:-1, max-image-preview:large, max-video-preview:-1\" \/>\n<link rel=\"canonical\" href=\"https:\/\/raw-studios.de\/de\/production-room\/\" \/>\n<meta property=\"og:locale\" content=\"de_DE\" \/>\n<meta property=\"og:type\" content=\"article\" \/>\n<meta property=\"og:title\" content=\"Production Room - 55m\u00b2 \u2013 Styling, Hair &amp; Make-up | Studio Berlin\" \/>\n<meta property=\"og:description\" content=\"Dieser 55m\u00b2 gro\u00dfe PRODUCTION ROOM kann gemeinsam mit STUDIO 1 oder STUDIO 1 &amp; 2 gebucht werden, um als Styling-, Haar- &amp; Make-Up-Raum.\" \/>\n<meta property=\"og:url\" content=\"https:\/\/raw-studios.de\/de\/production-room\/\" \/>\n<meta property=\"og:site_name\" content=\"raw studios.\" \/>\n<meta property=\"article:modified_time\" content=\"2025-05-23T14:34:54+00:00\" \/>\n<meta name=\"twitter:card\" content=\"summary_large_image\" \/>\n<meta name=\"twitter:label1\" content=\"Gesch\u00e4tzte Lesezeit\" \/>\n\t<meta name=\"twitter:data1\" content=\"3\u00a0Minuten\" \/>\n<script type=\"application\/ld+json\" class=\"yoast-schema-graph\">{\"@context\":\"https:\\\/\\\/schema.org\",\"@graph\":[{\"@type\":\"WebPage\",\"@id\":\"https:\\\/\\\/raw-studios.de\\\/de\\\/production-room\\\/\",\"url\":\"https:\\\/\\\/raw-studios.de\\\/de\\\/production-room\\\/\",\"name\":\"Production Room - 55m\u00b2 \u2013 Styling, Hair & Make-up | Studio Berlin\",\"isPartOf\":{\"@id\":\"https:\\\/\\\/raw-studios.de\\\/#website\"},\"datePublished\":\"2021-02-17T15:47:24+00:00\",\"dateModified\":\"2025-05-23T14:34:54+00:00\",\"description\":\"Dieser 55m\u00b2 gro\u00dfe PRODUCTION ROOM kann gemeinsam mit STUDIO 1 oder STUDIO 1 & 2 gebucht werden, um als Styling-, Haar- & Make-Up-Raum.\",\"breadcrumb\":{\"@id\":\"https:\\\/\\\/raw-studios.de\\\/de\\\/production-room\\\/#breadcrumb\"},\"inLanguage\":\"de\",\"potentialAction\":[{\"@type\":\"ReadAction\",\"target\":[\"https:\\\/\\\/raw-studios.de\\\/de\\\/production-room\\\/\"]}]},{\"@type\":\"BreadcrumbList\",\"@id\":\"https:\\\/\\\/raw-studios.de\\\/de\\\/production-room\\\/#breadcrumb\",\"itemListElement\":[{\"@type\":\"ListItem\",\"position\":1,\"name\":\"Home\",\"item\":\"https:\\\/\\\/raw-studios.de\\\/de\\\/\"},{\"@type\":\"ListItem\",\"position\":2,\"name\":\"Production Room\"}]},{\"@type\":\"WebSite\",\"@id\":\"https:\\\/\\\/raw-studios.de\\\/#website\",\"url\":\"https:\\\/\\\/raw-studios.de\\\/\",\"name\":\"raw studios.\",\"description\":\"Foto &amp; film Tageslicht Mietstudio Fotoshooting Event Berlin.\",\"potentialAction\":[{\"@type\":\"SearchAction\",\"target\":{\"@type\":\"EntryPoint\",\"urlTemplate\":\"https:\\\/\\\/raw-studios.de\\\/?s={search_term_string}\"},\"query-input\":{\"@type\":\"PropertyValueSpecification\",\"valueRequired\":true,\"valueName\":\"search_term_string\"}}],\"inLanguage\":\"de\"}]}<\/script>\n<!-- \/ Yoast SEO plugin. -->","yoast_head_json":{"title":"Production Room - 55m\u00b2 \u2013 Styling, Hair & Make-up | Studio Berlin","description":"Dieser 55m\u00b2 gro\u00dfe PRODUCTION ROOM kann gemeinsam mit STUDIO 1 oder STUDIO 1 & 2 gebucht werden, um als Styling-, Haar- & Make-Up-Raum.","robots":{"index":"index","follow":"follow","max-snippet":"max-snippet:-1","max-image-preview":"max-image-preview:large","max-video-preview":"max-video-preview:-1"},"canonical":"https:\/\/raw-studios.de\/de\/production-room\/","og_locale":"de_DE","og_type":"article","og_title":"Production Room - 55m\u00b2 \u2013 Styling, Hair & Make-up | Studio Berlin","og_description":"Dieser 55m\u00b2 gro\u00dfe PRODUCTION ROOM kann gemeinsam mit STUDIO 1 oder STUDIO 1 & 2 gebucht werden, um als Styling-, Haar- & Make-Up-Raum.","og_url":"https:\/\/raw-studios.de\/de\/production-room\/","og_site_name":"raw studios.","article_modified_time":"2025-05-23T14:34:54+00:00","twitter_card":"summary_large_image","twitter_misc":{"Gesch\u00e4tzte Lesezeit":"3\u00a0Minuten"},"schema":{"@context":"https:\/\/schema.org","@graph":[{"@type":"WebPage","@id":"https:\/\/raw-studios.de\/de\/production-room\/","url":"https:\/\/raw-studios.de\/de\/production-room\/","name":"Production Room - 55m\u00b2 \u2013 Styling, Hair & Make-up | Studio Berlin","isPartOf":{"@id":"https:\/\/raw-studios.de\/#website"},"datePublished":"2021-02-17T15:47:24+00:00","dateModified":"2025-05-23T14:34:54+00:00","description":"Dieser 55m\u00b2 gro\u00dfe PRODUCTION ROOM kann gemeinsam mit STUDIO 1 oder STUDIO 1 & 2 gebucht werden, um als Styling-, Haar- & Make-Up-Raum.","breadcrumb":{"@id":"https:\/\/raw-studios.de\/de\/production-room\/#breadcrumb"},"inLanguage":"de","potentialAction":[{"@type":"ReadAction","target":["https:\/\/raw-studios.de\/de\/production-room\/"]}]},{"@type":"BreadcrumbList","@id":"https:\/\/raw-studios.de\/de\/production-room\/#breadcrumb","itemListElement":[{"@type":"ListItem","position":1,"name":"Home","item":"https:\/\/raw-studios.de\/de\/"},{"@type":"ListItem","position":2,"name":"Production Room"}]},{"@type":"WebSite","@id":"https:\/\/raw-studios.de\/#website","url":"https:\/\/raw-studios.de\/","name":"raw studios.","description":"Foto &amp; film Tageslicht Mietstudio Fotoshooting Event Berlin.","potentialAction":[{"@type":"SearchAction","target":{"@type":"EntryPoint","urlTemplate":"https:\/\/raw-studios.de\/?s={search_term_string}"},"query-input":{"@type":"PropertyValueSpecification","valueRequired":true,"valueName":"search_term_string"}}],"inLanguage":"de"}]}},"_links":{"self":[{"href":"https:\/\/raw-studios.de\/de\/wp-json\/wp\/v2\/pages\/3711","targetHints":{"allow":["GET"]}}],"collection":[{"href":"https:\/\/raw-studios.de\/de\/wp-json\/wp\/v2\/pages"}],"about":[{"href":"https:\/\/raw-studios.de\/de\/wp-json\/wp\/v2\/types\/page"}],"author":[{"embeddable":true,"href":"https:\/\/raw-studios.de\/de\/wp-json\/wp\/v2\/users\/2"}],"replies":[{"embeddable":true,"href":"https:\/\/raw-studios.de\/de\/wp-json\/wp\/v2\/comments?post=3711"}],"version-history":[{"count":16,"href":"https:\/\/raw-studios.de\/de\/wp-json\/wp\/v2\/pages\/3711\/revisions"}],"predecessor-version":[{"id":8847,"href":"https:\/\/raw-studios.de\/de\/wp-json\/wp\/v2\/pages\/3711\/revisions\/8847"}],"wp:attachment":[{"href":"https:\/\/raw-studios.de\/de\/wp-json\/wp\/v2\/media?parent=3711"}],"curies":[{"name":"wp","href":"https:\/\/api.w.org\/{rel}","templated":true}]}}